{"id":1613,"date":"2021-10-05T14:34:28","date_gmt":"2021-10-05T12:34:28","guid":{"rendered":"https:\/\/desirecalero.com\/?page_id=1613"},"modified":"2021-10-19T08:40:52","modified_gmt":"2021-10-19T06:40:52","slug":"politique-de-cookies","status":"publish","type":"page","link":"https:\/\/desirecalero.com\/fr\/politique-de-cookies\/","title":{"rendered":"Politique de cookies"},"content":{"rendered":"<style>#kt-layout-id_8e4bb0-e4 > .kt-row-column-wrap{align-content:start;}:where(#kt-layout-id_8e4bb0-e4 > .kt-row-column-wrap) > .wp-block-kadence-column{justify-content:start;}#kt-layout-id_8e4bb0-e4 > .kt-row-column-wrap{column-gap:var(--global-kb-gap-md, 2rem);row-gap:var(--global-kb-gap-md, 2rem);max-width:1100px;margin-left:auto;margin-right:auto;padding-top:var( --global-kb-row-default-top, 25px );padding-bottom:var( --global-kb-row-default-bottom, 25px );padding-top:75px;padding-bottom:75px;padding-left:20px;padding-right:20px;grid-template-columns:minmax(0, 1fr);}#kt-layout-id_8e4bb0-e4 > .kt-row-layout-overlay{opacity:0.30;}@media all and (max-width: 1024px){#kt-layout-id_8e4bb0-e4 > .kt-row-column-wrap{grid-template-columns:minmax(0, 1fr);}}@media all and (max-width: 767px){#kt-layout-id_8e4bb0-e4 > .kt-row-column-wrap{grid-template-columns:minmax(0, 1fr);}}<\/style>\n<div class=\"wp-block-kadence-rowlayout alignnone\"><div id=\"kt-layout-id_8e4bb0-e4\" class=\"kt-row-layout-inner kt-layout-id_8e4bb0-e4\"><div class=\"kt-row-column-wrap kt-has-1-columns kt-gutter-default kt-v-gutter-default kt-row-valign-top kt-row-layout-equal kt-tab-layout-inherit kt-m-colapse-left-to-right kt-mobile-layout-row\"><style>.kadence-column_2f5503-c6 > .kt-inside-inner-col{border-top-width:0px;border-right-width:0px;border-bottom-width:0px;border-left-width:0px;}.kadence-column_2f5503-c6 > .kt-inside-inner-col,.kadence-column_2f5503-c6 > .kt-inside-inner-col:before{border-top-left-radius:0px;border-top-right-radius:0px;border-bottom-right-radius:0px;border-bottom-left-radius:0px;}.kadence-column_2f5503-c6 > .kt-inside-inner-col{column-gap:var(--global-kb-gap-sm, 1rem);}.kadence-column_2f5503-c6 > .kt-inside-inner-col{flex-direction:column;}.kadence-column_2f5503-c6 > .kt-inside-inner-col > .aligncenter{width:100%;}.kadence-column_2f5503-c6 > .kt-inside-inner-col:before{opacity:0.3;}.kadence-column_2f5503-c6{position:relative;}@media all and (max-width: 1024px){.kadence-column_2f5503-c6 > .kt-inside-inner-col{flex-direction:column;justify-content:center;}}@media all and (max-width: 767px){.kadence-column_2f5503-c6 > .kt-inside-inner-col{flex-direction:column;justify-content:center;}}<\/style>\n<div class=\"wp-block-kadence-column inner-column-1 kadence-column_2f5503-c6\"><div class=\"kt-inside-inner-col\">\n<p><strong>Politique de cookies<\/strong><\/p>\n\n\n\n<p>Tablao flamenco el cardenal S.L informe de l&rsquo;utilisation de cookies sur son site Web : https:\/\/desirecalero.com\/<\/p>\n\n\n\n<p><strong>Que sont les cookies?<\/strong><\/p>\n\n\n\n<p>Les cookies sont des fichiers qui peuvent \u00eatre t\u00e9l\u00e9charg\u00e9s sur votre ordinateur via des pages Web. Ce sont des outils qui jouent un r\u00f4le essentiel dans la fourniture de nombreux services de la soci\u00e9t\u00e9 de l&rsquo;information. Entre autres, ils permettent \u00e0 une page Web de stocker et de r\u00e9cup\u00e9rer des informations sur les habitudes de navigation d&rsquo;un utilisateur ou de son \u00e9quipement et, en fonction des informations obtenues, ils peuvent \u00eatre utilis\u00e9s pour reconna\u00eetre l&rsquo;utilisateur et am\u00e9liorer le service offert.<\/p>\n\n\n\n<p><strong>Types de cookies<\/strong><\/p>\n\n\n\n<p>Selon qui est l&rsquo;entit\u00e9 qui g\u00e8re le domaine \u00e0 partir duquel les cookies sont envoy\u00e9s et traite les donn\u00e9es obtenues, deux types peuvent \u00eatre distingu\u00e9s:<\/p>\n\n\n\n<p><strong>Cookies propres:<\/strong> ceux qui sont envoy\u00e9s \u00e0 l&rsquo;\u00e9quipement terminal de l&rsquo;utilisateur \u00e0 partir d&rsquo;un ordinateur ou d&rsquo;un domaine g\u00e9r\u00e9 par l&rsquo;\u00e9diteur lui-m\u00eame et \u00e0 partir duquel est fourni le service demand\u00e9 par l&rsquo;utilisateur.<\/p>\n\n\n\n<p><strong>Cookies tiers:<\/strong> ceux qui sont envoy\u00e9s \u00e0 l&rsquo;\u00e9quipement terminal de l&rsquo;utilisateur depuis un ordinateur ou un domaine qui n&rsquo;est pas g\u00e9r\u00e9 par l&rsquo;\u00e9diteur, mais par une autre entit\u00e9 qui traite les donn\u00e9es obtenues gr\u00e2ce aux cookies.<br>Dans le cas o\u00f9 des cookies sont install\u00e9s \u00e0 partir d&rsquo;un ordinateur ou d&rsquo;un domaine g\u00e9r\u00e9 par l&rsquo;\u00e9diteur lui-m\u00eame mais que les informations collect\u00e9es par leur interm\u00e9diaire sont g\u00e9r\u00e9es par un tiers, ils ne peuvent \u00eatre consid\u00e9r\u00e9s comme des cookies propres.<br>Il existe \u00e9galement une deuxi\u00e8me classification en fonction de la dur\u00e9e pendant laquelle elles restent stock\u00e9es dans le navigateur du client, qui peut \u00eatre<\/p>\n\n\n\n<p><strong>Cookies de session:<\/strong> con\u00e7us pour collecter et stocker des donn\u00e9es pendant que l&rsquo;utilisateur acc\u00e8de \u00e0 une page Web. Ils sont g\u00e9n\u00e9ralement utilis\u00e9s pour stocker des informations qu&rsquo;il ne s&rsquo;int\u00e9resse qu&rsquo;\u00e0 conserver pour la fourniture du service demand\u00e9 par l&rsquo;utilisateur en une seule fois (par exemple une liste de produits achet\u00e9s).<\/p>\n\n\n\n<p><strong>Cookies persistants:<\/strong> les donn\u00e9es sont toujours stock\u00e9es dans le terminal et peuvent \u00eatre consult\u00e9es et trait\u00e9es pendant une dur\u00e9e d\u00e9finie par le responsable du cookie, qui peut aller de quelques minutes \u00e0 plusieurs ann\u00e9es. <\/p>\n\n\n\n<p>Enfin, il existe une autre classification avec cinq types de cookies selon la finalit\u00e9 pour laquelle les donn\u00e9es obtenues sont trait\u00e9es:<\/p>\n\n\n\n<p><strong>Cookies techniques:<\/strong> ceux qui permettent \u00e0 l&rsquo;utilisateur de naviguer sur une page Web,<br>plate-forme ou application et l&rsquo;utilisation des diff\u00e9rentes options ou services qui y existent, tels que, par exemple, contr\u00f4ler le trafic et la communication de donn\u00e9es, identifier la session, acc\u00e9der aux parties \u00e0 acc\u00e8s restreint, m\u00e9moriser les \u00e9l\u00e9ments qui composent une commande, passer le processus d&rsquo;acheter une commande, de faire la demande d&rsquo;inscription ou de participation \u00e0 un \u00e9v\u00e9nement, d&rsquo;utiliser des \u00e9l\u00e9ments de s\u00e9curit\u00e9 lors de la navigation, de stocker des contenus pour la diffusion de vid\u00e9os ou de sons ou de partager des contenus via les r\u00e9seaux sociaux.<\/p>\n\n\n\n<p><strong>Cookies de personnalisation: <\/strong>ils permettent \u00e0 l&rsquo;utilisateur d&rsquo;acc\u00e9der au service avec certaines caract\u00e9ristiques g\u00e9n\u00e9rales pr\u00e9d\u00e9finies sur la base d&rsquo;une s\u00e9rie de crit\u00e8res dans le terminal de l&rsquo;utilisateur, tels que la langue, le type de navigateur via lequel le service est accessible, la configuration r\u00e9gionale \u00e0 partir de laquelle vous acc\u00e9dez le service, etc.<\/p>\n\n\n\n<p><strong>Cookies d&rsquo;analyse:<\/strong> ils permettent \u00e0 leur responsable de suivre et d&rsquo;analyser le comportement des utilisateurs des sites Internet auxquels ils sont li\u00e9s. Les informations collect\u00e9es via ce type de cookies sont utilis\u00e9es pour mesurer l&rsquo;activit\u00e9 des sites Web, des applications ou des plates-formes et pour cr\u00e9er des profils de navigation des utilisateurs desdits sites, applications et plates-formes, afin d&rsquo;introduire des am\u00e9liorations en fonction de l&rsquo;analyse de l&rsquo;utilisation. donn\u00e9es faites par les utilisateurs du service.<\/p>\n\n\n\n<p><strong>Cookies publicitaires:<\/strong> ils permettent la gestion, de la mani\u00e8re la plus efficace possible, des espaces publicitaires.<br>Cookies de publicit\u00e9 comportementale : ils stockent des informations sur le comportement des utilisateurs obtenues aupr\u00e8s de<br>gr\u00e2ce \u00e0 l&rsquo;observation continue de vos habitudes de navigation, ce qui vous permet de d\u00e9velopper un profil sp\u00e9cifique<br>pour afficher de la publicit\u00e9 bas\u00e9e sur celui-ci.<\/p>\n\n\n\n<p><strong>Cookies de r\u00e9seaux sociaux externes:<\/strong> ils sont utilis\u00e9s pour que les visiteurs puissent interagir avec le contenu de<br>diff\u00e9rentes plateformes sociales (facebook, youtube, twitter, linkedIn, etc..) et qui sont g\u00e9n\u00e9r\u00e9es uniquement pour les utilisateurs desdits r\u00e9seaux sociaux. Les conditions d&rsquo;utilisation de ces cookies et les informations collect\u00e9es sont r\u00e9gies par la politique de confidentialit\u00e9 de la plateforme sociale correspondante.<\/p>\n\n\n\n<p><strong>D\u00e9sactivation et suppression des cookies<\/strong><\/p>\n\n\n\n<p>Vous avez la possibilit\u00e9 d&rsquo;autoriser, de bloquer ou de supprimer les cookies install\u00e9s sur votre ordinateur en configurant les options du navigateur install\u00e9 sur votre ordinateur. En d\u00e9sactivant les cookies, certains des services disponibles peuvent cesser d&rsquo;\u00eatre op\u00e9rationnels. La fa\u00e7on de d\u00e9sactiver les cookies est diff\u00e9rente pour chaque navigateur, mais cela peut g\u00e9n\u00e9ralement \u00eatre fait \u00e0 partir du menu Outils ou Options. Vous pouvez \u00e9galement consommer.<\/p>\n\n\n\n<p>Acc\u00e9dez au menu Aide du navigateur o\u00f9 vous pouvez trouver des instructions. L&rsquo;utilisateur peut \u00e0 tout moment choisir les cookies qu&rsquo;il souhaite utiliser sur ce site.<\/p>\n\n\n\n<p>Vous pouvez autoriser, bloquer ou supprimer les cookies install\u00e9s sur votre ordinateur en configurant les options du navigateur install\u00e9 sur votre ordinateur:<\/p>\n\n\n\n<p>Microsoft Internet Explorer ou Microsoft Edge<br>Mozilla Firefox<br>Chrome<br>Safari<br>Op\u00e9ra<br>En outre, vous pouvez \u00e9galement g\u00e9rer le magasin de cookies dans votre navigateur via des outils tels que les suivants<\/p>\n\n\n\n<p><strong>Cookies utilis\u00e9s sur https:\/\/desirecalero.com\/<br><\/strong>Les cookies qui sont utilis\u00e9s dans ce portail ainsi que leur type et leur fonction sont identifi\u00e9s ci-dessous :<\/p>\n\n\n\n<p><strong>Google Analytics:<\/strong><\/p>\n\n\n\n<p>Google Analytics est un service d&rsquo;analyse Web fourni par Google, Inc., une soci\u00e9t\u00e9 du Delaware dont le si\u00e8ge social est situ\u00e9 au 1600 Amphitheatre Parkway, Mountain View (Californie), CA 94043, \u00c9tats-Unis (\u00ab Google \u00bb).<\/p>\n\n\n\n<p>Google Analytics utilise des \u00ab\u00a0cookies\u00a0\u00bb, qui sont des fichiers texte situ\u00e9s sur votre ordinateur, pour aider le site Web \u00e0 analyser la fa\u00e7on dont les utilisateurs utilisent le site Web.<\/p>\n\n\n\n<p>Les informations g\u00e9n\u00e9r\u00e9es par le cookie concernant votre utilisation du site (y compris votre adresse IP) seront directement transmises et archiv\u00e9es par Google. Google utilisera ces informations en notre nom afin de suivre votre utilisation du site Web, de compiler des rapports sur l&rsquo;activit\u00e9 du site Web et de fournir d&rsquo;autres services li\u00e9s \u00e0 l&rsquo;activit\u00e9 du site Web et \u00e0 l&rsquo;utilisation d&rsquo;Internet.<\/p>\n\n\n\n<p>Google peut transmettre ces informations \u00e0 des tiers lorsque la loi l&rsquo;exige ou lorsque ces tiers traitent les informations pour le compte de Google. Google n&rsquo;associera votre adresse IP \u00e0 aucune autre donn\u00e9e dont il dispose.<\/p>\n\n\n\n<p>En tant qu&rsquo;utilisateur, et dans l&rsquo;exercice de vos droits, vous pouvez refuser le traitement de donn\u00e9es ou d&rsquo;informations en refusant l&rsquo;utilisation de cookies en s\u00e9lectionnant la configuration appropri\u00e9e de votre navigateur, cependant, vous devez savoir que si vous le faites, vous ne serez peut-\u00eatre pas en mesure d&rsquo;utiliser toutes les fonctionnalit\u00e9s de ce site Web.<\/p>\n\n\n\n<p>En utilisant ce site Web, conform\u00e9ment aux informations fournies dans la pr\u00e9sente politique de confidentialit\u00e9, vous acceptez le traitement des donn\u00e9es par Google de la mani\u00e8re et aux fins indiqu\u00e9es.<\/p>\n\n\n\n<p>Pour plus d&rsquo;informations, vous pouvez consulter la politique de confidentialit\u00e9 de Google<\/p>\n\n\n\n<p><strong>Acceptation de la politique de cookies<br><\/strong>https:\/\/desirecalero.com\/ suppose que vous acceptez l&rsquo;utilisation de cookies. Cependant, il affiche des informations sur sa politique en mati\u00e8re de cookies en bas ou en haut de n&rsquo;importe quelle page du portail \u00e0 chaque connexion afin que vous en soyez conscient.<br>Au vu de ces informations, il est possible d&rsquo;effectuer les actions suivantes :<\/p>\n\n\n\n<p>Accepter les cookies. Cet avis ne s&rsquo;affichera plus lors de l&rsquo;acc\u00e8s \u00e0 une page du portail au cours de cette session.<br>Fermer. L&rsquo;avis est cach\u00e9 sur cette page.<br>Modifiez vos param\u00e8tres. Vous pouvez obtenir plus d&rsquo;informations sur ce que sont les cookies, conna\u00eetre la Politique de<br>cookies de https:\/\/desirecalero.com\/ et modifiez les param\u00e8tres de votre navigateur<\/p>\n<\/div><\/div>\n<\/div><\/div><\/div>\n","protected":false},"excerpt":{"rendered":"<p>Politique de cookies Tablao flamenco el cardenal S.L informe de l&rsquo;utilisation de cookies sur son site Web : https:\/\/desirecalero.com\/ Que sont les cookies? Les cookies sont des fichiers qui peuvent \u00eatre t\u00e9l\u00e9charg\u00e9s sur votre ordinateur via des pages Web. Ce sont des outils qui jouent un r\u00f4le essentiel dans la fourniture de nombreux services de&#8230;<\/p>\n","protected":false},"author":1,"featured_media":0,"parent":0,"menu_order":0,"comment_status":"closed","ping_status":"closed","template":"","meta":{"_acf_changed":false,"_kad_blocks_custom_css":"","_kad_blocks_head_custom_js":"","_kad_blocks_body_custom_js":"","_kad_blocks_footer_custom_js":"","_kad_post_transparent":"","_kad_post_title":"","_kad_post_layout":"","_kad_post_sidebar_id":"","_kad_post_content_style":"","_kad_post_vertical_padding":"","_kad_post_feature":"","_kad_post_feature_position":"","_kad_post_header":false,"_kad_post_footer":false,"_kad_post_classname":"","footnotes":""},"class_list":["post-1613","page","type-page","status-publish","hentry"],"acf":[],"yoast_head":"<!-- This site is optimized with the Yoast SEO plugin v27.3 - https:\/\/yoast.com\/product\/yoast-seo-wordpress\/ -->\n<title>Politique de cookies &#8226; Desire Calero<\/title>\n<meta name=\"description\" content=\"Desde shows privados hasta la magia y el encanto de la casa de la Embajadora del Flamenco en C\u00f3rdoba, te ofrecemos de nuestra mano una experiencia \u00fanica e irrepetible.\" \/>\n<meta name=\"robots\" content=\"noindex, follow\" \/>\n<meta property=\"og:locale\" content=\"fr_FR\" \/>\n<meta property=\"og:type\" content=\"article\" \/>\n<meta property=\"og:title\" content=\"Politique de cookies &#8226; Desire Calero\" \/>\n<meta property=\"og:description\" content=\"Desde shows privados hasta la magia y el encanto de la casa de la Embajadora del Flamenco en C\u00f3rdoba, te ofrecemos de nuestra mano una experiencia \u00fanica e irrepetible.\" \/>\n<meta property=\"og:url\" content=\"https:\/\/desirecalero.com\/fr\/politique-de-cookies\/\" \/>\n<meta property=\"og:site_name\" content=\"Desire Calero\" \/>\n<meta property=\"article:modified_time\" content=\"2021-10-19T06:40:52+00:00\" \/>\n<meta name=\"twitter:card\" content=\"summary_large_image\" \/>\n<meta name=\"twitter:label1\" content=\"Dur\u00e9e de lecture estim\u00e9e\" \/>\n\t<meta name=\"twitter:data1\" content=\"6 minutes\" \/>\n<script type=\"application\/ld+json\" class=\"yoast-schema-graph\">{\"@context\":\"https:\\\/\\\/schema.org\",\"@graph\":[{\"@type\":\"WebPage\",\"@id\":\"https:\\\/\\\/desirecalero.com\\\/fr\\\/politique-de-cookies\\\/\",\"url\":\"https:\\\/\\\/desirecalero.com\\\/fr\\\/politique-de-cookies\\\/\",\"name\":\"Politique de cookies &#8226; Desire Calero\",\"isPartOf\":{\"@id\":\"https:\\\/\\\/desirecalero.com\\\/fr\\\/#website\"},\"datePublished\":\"2021-10-05T12:34:28+00:00\",\"dateModified\":\"2021-10-19T06:40:52+00:00\",\"description\":\"Desde shows privados hasta la magia y el encanto de la casa de la Embajadora del Flamenco en C\u00f3rdoba, te ofrecemos de nuestra mano una experiencia \u00fanica e irrepetible.\",\"breadcrumb\":{\"@id\":\"https:\\\/\\\/desirecalero.com\\\/fr\\\/politique-de-cookies\\\/#breadcrumb\"},\"inLanguage\":\"fr-FR\",\"potentialAction\":[{\"@type\":\"ReadAction\",\"target\":[\"https:\\\/\\\/desirecalero.com\\\/fr\\\/politique-de-cookies\\\/\"]}]},{\"@type\":\"BreadcrumbList\",\"@id\":\"https:\\\/\\\/desirecalero.com\\\/fr\\\/politique-de-cookies\\\/#breadcrumb\",\"itemListElement\":[{\"@type\":\"ListItem\",\"position\":1,\"name\":\"Portada\",\"item\":\"https:\\\/\\\/desirecalero.com\\\/fr\\\/\"},{\"@type\":\"ListItem\",\"position\":2,\"name\":\"Politique de cookies\"}]},{\"@type\":\"WebSite\",\"@id\":\"https:\\\/\\\/desirecalero.com\\\/fr\\\/#website\",\"url\":\"https:\\\/\\\/desirecalero.com\\\/fr\\\/\",\"name\":\"Desire Calero\",\"description\":\"\",\"publisher\":{\"@id\":\"https:\\\/\\\/desirecalero.com\\\/fr\\\/#organization\"},\"potentialAction\":[{\"@type\":\"SearchAction\",\"target\":{\"@type\":\"EntryPoint\",\"urlTemplate\":\"https:\\\/\\\/desirecalero.com\\\/fr\\\/?s={search_term_string}\"},\"query-input\":{\"@type\":\"PropertyValueSpecification\",\"valueRequired\":true,\"valueName\":\"search_term_string\"}}],\"inLanguage\":\"fr-FR\"},{\"@type\":\"Organization\",\"@id\":\"https:\\\/\\\/desirecalero.com\\\/fr\\\/#organization\",\"name\":\"Desir\u00e9e Calero\",\"url\":\"https:\\\/\\\/desirecalero.com\\\/fr\\\/\",\"logo\":{\"@type\":\"ImageObject\",\"inLanguage\":\"fr-FR\",\"@id\":\"https:\\\/\\\/desirecalero.com\\\/fr\\\/#\\\/schema\\\/logo\\\/image\\\/\",\"url\":\"https:\\\/\\\/desirecalero.com\\\/wp-content\\\/uploads\\\/2021\\\/09\\\/LOGO-01.png\",\"contentUrl\":\"https:\\\/\\\/desirecalero.com\\\/wp-content\\\/uploads\\\/2021\\\/09\\\/LOGO-01.png\",\"width\":1600,\"height\":1600,\"caption\":\"Desir\u00e9e Calero\"},\"image\":{\"@id\":\"https:\\\/\\\/desirecalero.com\\\/fr\\\/#\\\/schema\\\/logo\\\/image\\\/\"}}]}<\/script>\n<!-- \/ Yoast SEO plugin. -->","yoast_head_json":{"title":"Politique de cookies &#8226; Desire Calero","description":"Desde shows privados hasta la magia y el encanto de la casa de la Embajadora del Flamenco en C\u00f3rdoba, te ofrecemos de nuestra mano una experiencia \u00fanica e irrepetible.","robots":{"index":"noindex","follow":"follow"},"og_locale":"fr_FR","og_type":"article","og_title":"Politique de cookies &#8226; Desire Calero","og_description":"Desde shows privados hasta la magia y el encanto de la casa de la Embajadora del Flamenco en C\u00f3rdoba, te ofrecemos de nuestra mano una experiencia \u00fanica e irrepetible.","og_url":"https:\/\/desirecalero.com\/fr\/politique-de-cookies\/","og_site_name":"Desire Calero","article_modified_time":"2021-10-19T06:40:52+00:00","twitter_card":"summary_large_image","twitter_misc":{"Dur\u00e9e de lecture estim\u00e9e":"6 minutes"},"schema":{"@context":"https:\/\/schema.org","@graph":[{"@type":"WebPage","@id":"https:\/\/desirecalero.com\/fr\/politique-de-cookies\/","url":"https:\/\/desirecalero.com\/fr\/politique-de-cookies\/","name":"Politique de cookies &#8226; Desire Calero","isPartOf":{"@id":"https:\/\/desirecalero.com\/fr\/#website"},"datePublished":"2021-10-05T12:34:28+00:00","dateModified":"2021-10-19T06:40:52+00:00","description":"Desde shows privados hasta la magia y el encanto de la casa de la Embajadora del Flamenco en C\u00f3rdoba, te ofrecemos de nuestra mano una experiencia \u00fanica e irrepetible.","breadcrumb":{"@id":"https:\/\/desirecalero.com\/fr\/politique-de-cookies\/#breadcrumb"},"inLanguage":"fr-FR","potentialAction":[{"@type":"ReadAction","target":["https:\/\/desirecalero.com\/fr\/politique-de-cookies\/"]}]},{"@type":"BreadcrumbList","@id":"https:\/\/desirecalero.com\/fr\/politique-de-cookies\/#breadcrumb","itemListElement":[{"@type":"ListItem","position":1,"name":"Portada","item":"https:\/\/desirecalero.com\/fr\/"},{"@type":"ListItem","position":2,"name":"Politique de cookies"}]},{"@type":"WebSite","@id":"https:\/\/desirecalero.com\/fr\/#website","url":"https:\/\/desirecalero.com\/fr\/","name":"Desire Calero","description":"","publisher":{"@id":"https:\/\/desirecalero.com\/fr\/#organization"},"potentialAction":[{"@type":"SearchAction","target":{"@type":"EntryPoint","urlTemplate":"https:\/\/desirecalero.com\/fr\/?s={search_term_string}"},"query-input":{"@type":"PropertyValueSpecification","valueRequired":true,"valueName":"search_term_string"}}],"inLanguage":"fr-FR"},{"@type":"Organization","@id":"https:\/\/desirecalero.com\/fr\/#organization","name":"Desir\u00e9e Calero","url":"https:\/\/desirecalero.com\/fr\/","logo":{"@type":"ImageObject","inLanguage":"fr-FR","@id":"https:\/\/desirecalero.com\/fr\/#\/schema\/logo\/image\/","url":"https:\/\/desirecalero.com\/wp-content\/uploads\/2021\/09\/LOGO-01.png","contentUrl":"https:\/\/desirecalero.com\/wp-content\/uploads\/2021\/09\/LOGO-01.png","width":1600,"height":1600,"caption":"Desir\u00e9e Calero"},"image":{"@id":"https:\/\/desirecalero.com\/fr\/#\/schema\/logo\/image\/"}}]}},"taxonomy_info":[],"featured_image_src_large":false,"author_info":{"display_name":"expacioweb","author_link":"https:\/\/desirecalero.com\/fr\/author\/expacioweb\/"},"comment_info":0,"_links":{"self":[{"href":"https:\/\/desirecalero.com\/fr\/wp-json\/wp\/v2\/pages\/1613","targetHints":{"allow":["GET"]}}],"collection":[{"href":"https:\/\/desirecalero.com\/fr\/wp-json\/wp\/v2\/pages"}],"about":[{"href":"https:\/\/desirecalero.com\/fr\/wp-json\/wp\/v2\/types\/page"}],"author":[{"embeddable":true,"href":"https:\/\/desirecalero.com\/fr\/wp-json\/wp\/v2\/users\/1"}],"replies":[{"embeddable":true,"href":"https:\/\/desirecalero.com\/fr\/wp-json\/wp\/v2\/comments?post=1613"}],"version-history":[{"count":3,"href":"https:\/\/desirecalero.com\/fr\/wp-json\/wp\/v2\/pages\/1613\/revisions"}],"predecessor-version":[{"id":1975,"href":"https:\/\/desirecalero.com\/fr\/wp-json\/wp\/v2\/pages\/1613\/revisions\/1975"}],"wp:attachment":[{"href":"https:\/\/desirecalero.com\/fr\/wp-json\/wp\/v2\/media?parent=1613"}],"curies":[{"name":"wp","href":"https:\/\/api.w.org\/{rel}","templated":true}]}}