{"id":1614,"date":"2021-10-05T14:34:50","date_gmt":"2021-10-05T12:34:50","guid":{"rendered":"https:\/\/desirecalero.com\/?page_id=1614"},"modified":"2021-10-19T16:58:24","modified_gmt":"2021-10-19T14:58:24","slug":"politique-de-confidentialite","status":"publish","type":"page","link":"https:\/\/desirecalero.com\/fr\/politique-de-confidentialite\/","title":{"rendered":"Politique de confidentialit\u00e9"},"content":{"rendered":"<style>#kt-layout-id_82ecbb-26 > .kt-row-column-wrap{align-content:start;}:where(#kt-layout-id_82ecbb-26 > .kt-row-column-wrap) > .wp-block-kadence-column{justify-content:start;}#kt-layout-id_82ecbb-26 > .kt-row-column-wrap{column-gap:var(--global-kb-gap-md, 2rem);row-gap:var(--global-kb-gap-md, 2rem);max-width:1100px;margin-left:auto;margin-right:auto;padding-top:var( --global-kb-row-default-top, 25px );padding-bottom:var( --global-kb-row-default-bottom, 25px );padding-top:75px;padding-bottom:75px;padding-left:20px;padding-right:20px;grid-template-columns:minmax(0, 1fr);}#kt-layout-id_82ecbb-26 > .kt-row-layout-overlay{opacity:0.30;}@media all and (max-width: 1024px){#kt-layout-id_82ecbb-26 > .kt-row-column-wrap{grid-template-columns:minmax(0, 1fr);}}@media all and (max-width: 767px){#kt-layout-id_82ecbb-26 > .kt-row-column-wrap{grid-template-columns:minmax(0, 1fr);}}<\/style>\n<div class=\"wp-block-kadence-rowlayout alignnone\"><div id=\"kt-layout-id_82ecbb-26\" class=\"kt-row-layout-inner kt-layout-id_82ecbb-26\"><div class=\"kt-row-column-wrap kt-has-1-columns kt-gutter-default kt-v-gutter-default kt-row-valign-top kt-row-layout-equal kt-tab-layout-inherit kt-m-colapse-left-to-right kt-mobile-layout-row\"><style>.kadence-column_18fb6e-e6 > .kt-inside-inner-col{border-top-width:0px;border-right-width:0px;border-bottom-width:0px;border-left-width:0px;}.kadence-column_18fb6e-e6 > .kt-inside-inner-col,.kadence-column_18fb6e-e6 > .kt-inside-inner-col:before{border-top-left-radius:0px;border-top-right-radius:0px;border-bottom-right-radius:0px;border-bottom-left-radius:0px;}.kadence-column_18fb6e-e6 > .kt-inside-inner-col{column-gap:var(--global-kb-gap-sm, 1rem);}.kadence-column_18fb6e-e6 > .kt-inside-inner-col{flex-direction:column;}.kadence-column_18fb6e-e6 > .kt-inside-inner-col > .aligncenter{width:100%;}.kadence-column_18fb6e-e6 > .kt-inside-inner-col:before{opacity:0.3;}.kadence-column_18fb6e-e6{position:relative;}@media all and (max-width: 1024px){.kadence-column_18fb6e-e6 > .kt-inside-inner-col{flex-direction:column;justify-content:center;}}@media all and (max-width: 767px){.kadence-column_18fb6e-e6 > .kt-inside-inner-col{flex-direction:column;justify-content:center;}}<\/style>\n<div class=\"wp-block-kadence-column inner-column-1 kadence-column_18fb6e-e6\"><div class=\"kt-inside-inner-col\">\n<p>Tablao flamenco el cardenal SL (ci-apr\u00e8s LA SOCI\u00c9T\u00c9) en application de la r\u00e9glementation en vigueur sur la protection des donn\u00e9es personnelles, informe que les donn\u00e9es personnelles collect\u00e9es via les formulaires du site Web: https:\/\/desirecalero.com\/, Elles sont incluses dans les fichiers automatis\u00e9s sp\u00e9cifiques de utilisateurs des services de LA SOCIETE<\/p>\n\n\n\n<p>Le but de la collecte et du traitement automatis\u00e9 des donn\u00e9es personnelles est de maintenir la relation commerciale et d&rsquo;effectuer des informations, des formations, des conseils et d&rsquo;autres activit\u00e9s de L&rsquo;ENTREPRISE.<\/p>\n\n\n\n<p>Ces donn\u00e9es ne seront transf\u00e9r\u00e9es qu&rsquo;aux entit\u00e9s qui sont n\u00e9cessaires dans le seul but de remplir l&rsquo;objectif susmentionn\u00e9.<\/p>\n\n\n\n<p>LA SOCI\u00c9T\u00c9 adopte les mesures n\u00e9cessaires pour garantir la s\u00e9curit\u00e9, l&rsquo;int\u00e9grit\u00e9 et la confidentialit\u00e9 des donn\u00e9es conform\u00e9ment aux dispositions du r\u00e8glement (UE) 2016\/679 du Parlement europ\u00e9en et du Conseil du 27 avril 2016 relatif \u00e0 la protection des personnes \u00e0 l&rsquo;\u00e9gard du traitement des donn\u00e9es \u00e0 caract\u00e8re personnel et de leur libre circulation.<\/p>\n\n\n\n<p>L&rsquo;utilisateur peut \u00e0 tout moment exercer les droits d&rsquo;acc\u00e8s, d&rsquo;opposition, de rectification et d&rsquo;annulation reconnus dans le r\u00e8glement (UE) susmentionn\u00e9. L&rsquo;exercice de ces droits peut \u00eatre effectu\u00e9 par l&rsquo;utilisateur lui-m\u00eame par courrier \u00e9lectronique \u00e0: info@desirecalero.com ou \u00e0 l&rsquo;adresse: Ctra Palma del R\u00edo km 3.5 Parque Joyero phase 3 nef 20 14005 C\u00f3rdoba<\/p>\n\n\n\n<p>L&rsquo;utilisateur d\u00e9clare que toutes les donn\u00e9es fournies par lui sont vraies et correctes, et s&rsquo;engage \u00e0 les maintenir \u00e0 jour, en communiquant les modifications \u00e0 info@desirecalero.com<\/p>\n\n\n\n<p>Finalit\u00e9 du traitement des donn\u00e9es personnelles :<\/p>\n\n\n\n<p>Dans quel but traiterons-nous vos donn\u00e9es personnelles ?<\/p>\n\n\n\n<p>Chez L&rsquo;ENTREPRISE, nous traiterons vos donn\u00e9es personnelles collect\u00e9es via le site Web : https:\/\/desirecalero.com\/, avec les finalit\u00e9s suivantes :<\/p>\n\n\n\n<p>Dans le cas de sous-traiter les biens et services offerts par le biais, pour maintenir la relation contractuelle, ainsi que la gestion, l&rsquo;administration, l&rsquo;information, la fourniture et l&rsquo;am\u00e9lioration du service.<br>Envoi des informations demand\u00e9es via les formulaires.<br>Envoyer des bulletins (newsletters), ainsi que des communications commerciales de promotions et\/ou publicit\u00e9s de LA SOCIETE et du secteur.<\/p>\n\n\n\n<p>Nous vous rappelons que vous pouvez vous opposer \u00e0 l&rsquo;envoi de communications commerciales par tout moyen et \u00e0 tout moment, en adressant un courrier \u00e9lectronique \u00e0 l&rsquo;adresse indiqu\u00e9e ci-dessus.<\/p>\n\n\n\n<p>Les champs de ces enregistrements sont obligatoires, et il est impossible de r\u00e9aliser les finalit\u00e9s \u00e9nonc\u00e9es si ces donn\u00e9es ne sont pas fournies.<\/p>\n\n\n\n<p>Combien de temps les donn\u00e9es personnelles collect\u00e9es sont-elles conserv\u00e9es ?<\/p>\n\n\n\n<p>Les donn\u00e9es personnelles fournies seront conserv\u00e9es tant que la relation commerciale est maintenue ou que vous ne demandez pas leur suppression et pendant la p\u00e9riode pour laquelle des responsabilit\u00e9s l\u00e9gales peuvent survenir pour les services fournis.<\/p>\n\n\n\n<p><strong>L\u00e9gitimation:<\/strong><\/p>\n\n\n\n<p>Le traitement de vos donn\u00e9es est effectu\u00e9 avec les bases l\u00e9gales suivantes qui le l\u00e9gitiment :<\/p>\n\n\n\n<p>La demande d&rsquo;informations et\/ou la sous-traitance des services de LA SOCIETE, dont les termes et conditions seront mis \u00e0 votre disposition dans tous les cas, pr\u00e9alablement \u00e0 une \u00e9ventuelle sous-traitance.<br>Consentement libre, sp\u00e9cifique, \u00e9clair\u00e9 et sans \u00e9quivoque, tandis que nous vous informons en mettant \u00e0 votre disposition cette politique de confidentialit\u00e9, qu&rsquo;apr\u00e8s l&rsquo;avoir lue, si vous \u00eates d&rsquo;accord, vous pouvez accepter au moyen d&rsquo;une d\u00e9claration ou d&rsquo;une action affirmative claire, comme le marquage d&rsquo;un bo\u00eete am\u00e9nag\u00e9e \u00e0 cet effet.<br>Si vous ne nous fournissez pas vos donn\u00e9es ou si vous le faites de mani\u00e8re erron\u00e9e ou incompl\u00e8te, nous ne serons pas en mesure de r\u00e9pondre \u00e0 votre demande, ce qui rendra totalement impossible la fourniture des informations demand\u00e9es ou la conclusion de contrats de services.<\/p>\n\n\n\n<p><strong>Destinataires&nbsp;:<\/strong><\/p>\n\n\n\n<p>Les donn\u00e9es ne seront communiqu\u00e9es \u00e0 aucun tiers ext\u00e9rieur \u00e0 LA SOCIETE sauf obligation l\u00e9gale.<\/p>\n\n\n\n<p>En tant que responsables du traitement, nous avons contract\u00e9 les prestataires de services suivants, en nous engageant \u00e0 respecter les dispositions r\u00e9glementaires, applicables en mati\u00e8re de protection des donn\u00e9es, au moment de leur contrat : LA SOCIETE, avec adresse \u00e0 C \/ Ctra Palma del R\u00edo km 3.5 Parque Joyero phase 3 nef 20 14005 C\u00f3rdoba, NIF \/ CIF B-56.037.450, fournit des services de commerce \u00e9lectronique et de vente de billets pour le spectacle<\/p>\n\n\n\n<p>Donn\u00e9es collect\u00e9es par les utilisateurs des services<\/p>\n\n\n\n<p>Dans les cas o\u00f9 l&rsquo;utilisateur inclut des fichiers contenant des donn\u00e9es personnelles sur les serveurs d&rsquo;h\u00e9bergement partag\u00e9, LA SOCI\u00c9T\u00c9 n&rsquo;est pas responsable de la violation par l&rsquo;utilisateur du RGPD.<\/p>\n\n\n\n<p>Conservation des donn\u00e9es conform\u00e9ment \u00e0 la LSSI<\/p>\n\n\n\n<p>LA SOCIETE informe qu&rsquo;en tant qu&rsquo;h\u00e9bergeur de donn\u00e9es et en vertu des dispositions de la loi 34\/2002 du 11 juillet, Services de la soci\u00e9t\u00e9 de l&rsquo;information et du commerce \u00e9lectronique (LSSI), elle conserve pour une dur\u00e9e maximale de 12 mois les informations essentielles pour identifier<\/p>\n\n\n\n<p>V\u00e9rifiez l&rsquo;origine des donn\u00e9es h\u00e9berg\u00e9es et l&rsquo;heure \u00e0 laquelle la fourniture du service a commenc\u00e9. La conservation de ces donn\u00e9es n&rsquo;affecte pas le secret des communications et elles ne peuvent \u00eatre utilis\u00e9es que dans le cadre d&rsquo;une enqu\u00eate p\u00e9nale ou pour la sauvegarde de la s\u00e9curit\u00e9 publique, en se mettant \u00e0 la disposition des juges et\/ou tribunaux ou du minist\u00e8re qui l&rsquo;exige . . .<\/p>\n\n\n\n<p>La communication des donn\u00e9es aux Forces et Organes de l&rsquo;Etat se fera en vertu des dispositions de la r\u00e9glementation sur la protection des donn\u00e9es personnelles.<\/p>\n\n\n\n<p>Droits de propri\u00e9t\u00e9 intellectuelle<\/p>\n\n\n\n<p>LA SOCI\u00c9T\u00c9 est propri\u00e9taire de tous les droits d&rsquo;auteur, de la propri\u00e9t\u00e9 intellectuelle et industrielle, du \u00ab&nbsp;savoir-faire&nbsp;\u00bb et de tout autre droit li\u00e9 au contenu du site Web et aux services qui y sont propos\u00e9s, ainsi que des programmes n\u00e9cessaires \u00e0 sa mise en \u0153uvre et des informations connexes.<\/p>\n\n\n\n<p>La reproduction, la publication et\/ou l&rsquo;utilisation non strictement priv\u00e9e du contenu, total ou partiel, du site Internet n&rsquo;est pas autoris\u00e9e sans autorisation \u00e9crite pr\u00e9alable.<\/p>\n\n\n\n<p>Propri\u00e9t\u00e9 intellectuelle du logiciel<\/p>\n\n\n\n<p>L&rsquo;utilisateur doit respecter les programmes tiers mis \u00e0 sa disposition par le site, m\u00eame s&rsquo;ils sont gratuits et\/ou accessibles au public.<\/p>\n\n\n\n<p>Le site dispose des droits d&rsquo;exploitation et de propri\u00e9t\u00e9 intellectuelle n\u00e9cessaires du logiciel.<\/p>\n\n\n\n<p>L&rsquo;utilisateur n&rsquo;acquiert aucun droit ou licence pour le service contract\u00e9, sur le logiciel n\u00e9cessaire \u00e0 la fourniture du service, ni sur les informations techniques pour le suivi du service, \u00e0 l&rsquo;exception des droits et licences n\u00e9cessaires \u00e0 l&rsquo;ex\u00e9cution des services contract\u00e9s et seulement pour la dur\u00e9e de celui-ci.<\/p>\n\n\n\n<p>Pour toute action d\u00e9passant le respect du contrat, l&rsquo;utilisateur aura besoin d&rsquo;une autorisation \u00e9crite de LA SOCIETE, l&rsquo;utilisateur \u00e9tant interdit d&rsquo;acc\u00e9der, de modifier, de visualiser la configuration, la structure et les fichiers des serveurs appartenant \u00e0 LA SOCIETE, assumant sa responsabilit\u00e9 civile et p\u00e9nale. d\u00e9riv\u00e9 de tout incident pouvant survenir dans les serveurs et les syst\u00e8mes de s\u00e9curit\u00e9 comme cons\u00e9quence directe d&rsquo;une action n\u00e9gligente ou malveillante de votre part.<\/p>\n\n\n\n<p>Propri\u00e9t\u00e9 intellectuelle du contenu h\u00e9berg\u00e9<\/p>\n\n\n\n<p>L&rsquo;utilisation contraire \u00e0 la l\u00e9gislation sur la propri\u00e9t\u00e9 intellectuelle des services fournis par LA SOCIETE et, notamment, de :<\/p>\n\n\n\n<p>L&rsquo;utilisation qui est contraire aux lois espagnoles ou qui enfreint les droits de tiers.<br>La publication ou la transmission de tout contenu qui, de l&rsquo;avis de LA SOCIETE, est violent, obsc\u00e8ne, abusif, ill\u00e9gal, racial, x\u00e9nophobe ou diffamatoire.<br>Les fissures, num\u00e9ros de s\u00e9rie de programmes ou tout autre contenu qui viole les droits de propri\u00e9t\u00e9 intellectuelle de tiers.<br>La collecte et\/ou l&rsquo;utilisation de donn\u00e9es personnelles d&rsquo;autres utilisateurs sans leur consentement expr\u00e8s ou en violation des dispositions du R\u00e8glement (UE) 2016\/679 du Parlement europ\u00e9en et du Conseil, du 27 avril 2016, relatif \u00e0 la protection des personnes \u00e0 l&rsquo;\u00e9gard du traitement des donn\u00e9es \u00e0 caract\u00e8re personnel et de leur libre circulation.<br>L&rsquo;utilisation du serveur de messagerie et des adresses e-mail du domaine pour envoyer du spam.<br>L&rsquo;utilisateur assume l&rsquo;enti\u00e8re responsabilit\u00e9 du contenu de son site Internet, des informations transmises et stock\u00e9es, des liens hypertextes, des r\u00e9clamations de tiers et des actions en justice en mati\u00e8re de propri\u00e9t\u00e9 intellectuelle, de droits des tiers et de protection des mineurs.<br>L&rsquo;utilisateur est responsable des lois et r\u00e8glements en vigueur et des r\u00e8gles relatives au fonctionnement du service en ligne, au commerce \u00e9lectronique, au droit d&rsquo;auteur, au maintien de l&rsquo;ordre public, ainsi qu&rsquo;aux principes universels d&rsquo;utilisation d&rsquo;Internet.<br>L&rsquo;utilisateur indemnisera L&rsquo;ENTREPRISE pour les frais g\u00e9n\u00e9r\u00e9s par l&rsquo;imputation de L&rsquo;ENTREPRISE dans toute cause dont la responsabilit\u00e9 \u00e9tait imputable \u00e0 l&rsquo;utilisateur, y compris les frais et d\u00e9penses de d\u00e9fense juridique, m\u00eame en cas de d\u00e9cision judiciaire non d\u00e9finitive.<br>Protection des informations h\u00e9berg\u00e9es<br>LA SOCI\u00c9T\u00c9 effectue des copies de sauvegarde du contenu h\u00e9berg\u00e9 sur ses serveurs, mais elle n&rsquo;est pas responsable de la perte ou de la suppression accidentelle de donn\u00e9es par les utilisateurs. De la m\u00eame mani\u00e8re, il ne garantit pas le remplacement total des donn\u00e9es supprim\u00e9es par les utilisateurs, puisque les donn\u00e9es susmentionn\u00e9es pourraient avoir \u00e9t\u00e9 supprim\u00e9es et\/ou modifi\u00e9es pendant la p\u00e9riode de temps \u00e9coul\u00e9e depuis la derni\u00e8re copie de sauvegarde.<br>Les services offerts, \u00e0 l&rsquo;exception des services de sauvegarde sp\u00e9cifiques, n&rsquo;incluent pas le remplacement des contenus conserv\u00e9s dans les copies de sauvegarde r\u00e9alis\u00e9es par LA SOCIETE, lorsque cette perte est imputable \u00e0 l&rsquo;utilisateur&nbsp;; dans ce cas, un tarif sera d\u00e9termin\u00e9 en fonction de la complexit\u00e9 et du volume de la r\u00e9cup\u00e9ration, toujours avec l&rsquo;acceptation pr\u00e9alable de l&rsquo;utilisateur.<br>Le remplacement des donn\u00e9es supprim\u00e9es n&rsquo;est inclus dans le prix du service que lorsque la perte de contenu est due \u00e0 des causes imputables \u00e0 LA SOCIETE<\/p>\n\n\n\n<p><strong>Communication commerciale<br><\/strong>En application de la LSSI. LA SOCI\u00c9T\u00c9 n&rsquo;enverra pas de communications publicitaires ou promotionnelles par courrier \u00e9lectronique ou par d&rsquo;autres moyens de communication \u00e9lectroniques \u00e9quivalents qui n&rsquo;auront pas \u00e9t\u00e9 pr\u00e9alablement demand\u00e9s ou express\u00e9ment autoris\u00e9s par les destinataires de ceux-ci.<\/p>\n\n\n\n<p>Dans le cas d&rsquo;utilisateurs avec lesquels il existe une relation contractuelle ant\u00e9rieure, LA SOCI\u00c9T\u00c9 est autoris\u00e9e \u00e0 envoyer des communications commerciales concernant des produits ou des services de LA SOCI\u00c9T\u00c9 similaires \u00e0 ceux initialement contract\u00e9s avec le client.<\/p>\n\n\n\n<p>Dans tous les cas, l&rsquo;utilisateur, apr\u00e8s avoir prouv\u00e9 son identit\u00e9, pourra demander qu&rsquo;aucune information commerciale ne lui soit transmise par les canaux du Service Clients.<\/p>\n<\/div><\/div>\n<\/div><\/div><\/div>\n","protected":false},"excerpt":{"rendered":"<p>Tablao flamenco el cardenal SL (ci-apr\u00e8s LA SOCI\u00c9T\u00c9) en application de la r\u00e9glementation en vigueur sur la protection des donn\u00e9es personnelles, informe que les donn\u00e9es personnelles collect\u00e9es via les formulaires du site Web: https:\/\/desirecalero.com\/, Elles sont incluses dans les fichiers automatis\u00e9s sp\u00e9cifiques de utilisateurs des services de LA SOCIETE Le but de la collecte et&#8230;<\/p>\n","protected":false},"author":1,"featured_media":0,"parent":0,"menu_order":0,"comment_status":"closed","ping_status":"closed","template":"","meta":{"_acf_changed":false,"_kad_blocks_custom_css":"","_kad_blocks_head_custom_js":"","_kad_blocks_body_custom_js":"","_kad_blocks_footer_custom_js":"","_kad_post_transparent":"","_kad_post_title":"","_kad_post_layout":"","_kad_post_sidebar_id":"","_kad_post_content_style":"","_kad_post_vertical_padding":"","_kad_post_feature":"","_kad_post_feature_position":"","_kad_post_header":false,"_kad_post_footer":false,"_kad_post_classname":"","footnotes":""},"class_list":["post-1614","page","type-page","status-publish","hentry"],"acf":[],"yoast_head":"<!-- This site is optimized with the Yoast SEO plugin v27.3 - https:\/\/yoast.com\/product\/yoast-seo-wordpress\/ -->\n<title>Politique de confidentialit\u00e9 &#8226; Desire Calero<\/title>\n<meta name=\"description\" content=\"Desde shows privados hasta la magia y el encanto de la casa de la Embajadora del Flamenco en C\u00f3rdoba, te ofrecemos de nuestra mano una experiencia \u00fanica e irrepetible.\" \/>\n<meta name=\"robots\" content=\"noindex, follow\" \/>\n<meta property=\"og:locale\" content=\"fr_FR\" \/>\n<meta property=\"og:type\" content=\"article\" \/>\n<meta property=\"og:title\" content=\"Politique de confidentialit\u00e9 &#8226; Desire Calero\" \/>\n<meta property=\"og:description\" content=\"Desde shows privados hasta la magia y el encanto de la casa de la Embajadora del Flamenco en C\u00f3rdoba, te ofrecemos de nuestra mano una experiencia \u00fanica e irrepetible.\" \/>\n<meta property=\"og:url\" content=\"https:\/\/desirecalero.com\/fr\/politique-de-confidentialite\/\" \/>\n<meta property=\"og:site_name\" content=\"Desire Calero\" \/>\n<meta property=\"article:modified_time\" content=\"2021-10-19T14:58:24+00:00\" \/>\n<meta name=\"twitter:card\" content=\"summary_large_image\" \/>\n<meta name=\"twitter:label1\" content=\"Dur\u00e9e de lecture estim\u00e9e\" \/>\n\t<meta name=\"twitter:data1\" content=\"7 minutes\" \/>\n<script type=\"application\/ld+json\" class=\"yoast-schema-graph\">{\"@context\":\"https:\\\/\\\/schema.org\",\"@graph\":[{\"@type\":\"WebPage\",\"@id\":\"https:\\\/\\\/desirecalero.com\\\/fr\\\/politique-de-confidentialite\\\/\",\"url\":\"https:\\\/\\\/desirecalero.com\\\/fr\\\/politique-de-confidentialite\\\/\",\"name\":\"Politique de confidentialit\u00e9 &#8226; Desire Calero\",\"isPartOf\":{\"@id\":\"https:\\\/\\\/desirecalero.com\\\/fr\\\/#website\"},\"datePublished\":\"2021-10-05T12:34:50+00:00\",\"dateModified\":\"2021-10-19T14:58:24+00:00\",\"description\":\"Desde shows privados hasta la magia y el encanto de la casa de la Embajadora del Flamenco en C\u00f3rdoba, te ofrecemos de nuestra mano una experiencia \u00fanica e irrepetible.\",\"breadcrumb\":{\"@id\":\"https:\\\/\\\/desirecalero.com\\\/fr\\\/politique-de-confidentialite\\\/#breadcrumb\"},\"inLanguage\":\"fr-FR\",\"potentialAction\":[{\"@type\":\"ReadAction\",\"target\":[\"https:\\\/\\\/desirecalero.com\\\/fr\\\/politique-de-confidentialite\\\/\"]}]},{\"@type\":\"BreadcrumbList\",\"@id\":\"https:\\\/\\\/desirecalero.com\\\/fr\\\/politique-de-confidentialite\\\/#breadcrumb\",\"itemListElement\":[{\"@type\":\"ListItem\",\"position\":1,\"name\":\"Portada\",\"item\":\"https:\\\/\\\/desirecalero.com\\\/fr\\\/\"},{\"@type\":\"ListItem\",\"position\":2,\"name\":\"Politique de confidentialit\u00e9\"}]},{\"@type\":\"WebSite\",\"@id\":\"https:\\\/\\\/desirecalero.com\\\/fr\\\/#website\",\"url\":\"https:\\\/\\\/desirecalero.com\\\/fr\\\/\",\"name\":\"Desire Calero\",\"description\":\"\",\"publisher\":{\"@id\":\"https:\\\/\\\/desirecalero.com\\\/fr\\\/#organization\"},\"potentialAction\":[{\"@type\":\"SearchAction\",\"target\":{\"@type\":\"EntryPoint\",\"urlTemplate\":\"https:\\\/\\\/desirecalero.com\\\/fr\\\/?s={search_term_string}\"},\"query-input\":{\"@type\":\"PropertyValueSpecification\",\"valueRequired\":true,\"valueName\":\"search_term_string\"}}],\"inLanguage\":\"fr-FR\"},{\"@type\":\"Organization\",\"@id\":\"https:\\\/\\\/desirecalero.com\\\/fr\\\/#organization\",\"name\":\"Desir\u00e9e Calero\",\"url\":\"https:\\\/\\\/desirecalero.com\\\/fr\\\/\",\"logo\":{\"@type\":\"ImageObject\",\"inLanguage\":\"fr-FR\",\"@id\":\"https:\\\/\\\/desirecalero.com\\\/fr\\\/#\\\/schema\\\/logo\\\/image\\\/\",\"url\":\"https:\\\/\\\/desirecalero.com\\\/wp-content\\\/uploads\\\/2021\\\/09\\\/LOGO-01.png\",\"contentUrl\":\"https:\\\/\\\/desirecalero.com\\\/wp-content\\\/uploads\\\/2021\\\/09\\\/LOGO-01.png\",\"width\":1600,\"height\":1600,\"caption\":\"Desir\u00e9e Calero\"},\"image\":{\"@id\":\"https:\\\/\\\/desirecalero.com\\\/fr\\\/#\\\/schema\\\/logo\\\/image\\\/\"}}]}<\/script>\n<!-- \/ Yoast SEO plugin. -->","yoast_head_json":{"title":"Politique de confidentialit\u00e9 &#8226; Desire Calero","description":"Desde shows privados hasta la magia y el encanto de la casa de la Embajadora del Flamenco en C\u00f3rdoba, te ofrecemos de nuestra mano una experiencia \u00fanica e irrepetible.","robots":{"index":"noindex","follow":"follow"},"og_locale":"fr_FR","og_type":"article","og_title":"Politique de confidentialit\u00e9 &#8226; Desire Calero","og_description":"Desde shows privados hasta la magia y el encanto de la casa de la Embajadora del Flamenco en C\u00f3rdoba, te ofrecemos de nuestra mano una experiencia \u00fanica e irrepetible.","og_url":"https:\/\/desirecalero.com\/fr\/politique-de-confidentialite\/","og_site_name":"Desire Calero","article_modified_time":"2021-10-19T14:58:24+00:00","twitter_card":"summary_large_image","twitter_misc":{"Dur\u00e9e de lecture estim\u00e9e":"7 minutes"},"schema":{"@context":"https:\/\/schema.org","@graph":[{"@type":"WebPage","@id":"https:\/\/desirecalero.com\/fr\/politique-de-confidentialite\/","url":"https:\/\/desirecalero.com\/fr\/politique-de-confidentialite\/","name":"Politique de confidentialit\u00e9 &#8226; Desire Calero","isPartOf":{"@id":"https:\/\/desirecalero.com\/fr\/#website"},"datePublished":"2021-10-05T12:34:50+00:00","dateModified":"2021-10-19T14:58:24+00:00","description":"Desde shows privados hasta la magia y el encanto de la casa de la Embajadora del Flamenco en C\u00f3rdoba, te ofrecemos de nuestra mano una experiencia \u00fanica e irrepetible.","breadcrumb":{"@id":"https:\/\/desirecalero.com\/fr\/politique-de-confidentialite\/#breadcrumb"},"inLanguage":"fr-FR","potentialAction":[{"@type":"ReadAction","target":["https:\/\/desirecalero.com\/fr\/politique-de-confidentialite\/"]}]},{"@type":"BreadcrumbList","@id":"https:\/\/desirecalero.com\/fr\/politique-de-confidentialite\/#breadcrumb","itemListElement":[{"@type":"ListItem","position":1,"name":"Portada","item":"https:\/\/desirecalero.com\/fr\/"},{"@type":"ListItem","position":2,"name":"Politique de confidentialit\u00e9"}]},{"@type":"WebSite","@id":"https:\/\/desirecalero.com\/fr\/#website","url":"https:\/\/desirecalero.com\/fr\/","name":"Desire Calero","description":"","publisher":{"@id":"https:\/\/desirecalero.com\/fr\/#organization"},"potentialAction":[{"@type":"SearchAction","target":{"@type":"EntryPoint","urlTemplate":"https:\/\/desirecalero.com\/fr\/?s={search_term_string}"},"query-input":{"@type":"PropertyValueSpecification","valueRequired":true,"valueName":"search_term_string"}}],"inLanguage":"fr-FR"},{"@type":"Organization","@id":"https:\/\/desirecalero.com\/fr\/#organization","name":"Desir\u00e9e Calero","url":"https:\/\/desirecalero.com\/fr\/","logo":{"@type":"ImageObject","inLanguage":"fr-FR","@id":"https:\/\/desirecalero.com\/fr\/#\/schema\/logo\/image\/","url":"https:\/\/desirecalero.com\/wp-content\/uploads\/2021\/09\/LOGO-01.png","contentUrl":"https:\/\/desirecalero.com\/wp-content\/uploads\/2021\/09\/LOGO-01.png","width":1600,"height":1600,"caption":"Desir\u00e9e Calero"},"image":{"@id":"https:\/\/desirecalero.com\/fr\/#\/schema\/logo\/image\/"}}]}},"taxonomy_info":[],"featured_image_src_large":false,"author_info":{"display_name":"expacioweb","author_link":"https:\/\/desirecalero.com\/fr\/author\/expacioweb\/"},"comment_info":0,"_links":{"self":[{"href":"https:\/\/desirecalero.com\/fr\/wp-json\/wp\/v2\/pages\/1614","targetHints":{"allow":["GET"]}}],"collection":[{"href":"https:\/\/desirecalero.com\/fr\/wp-json\/wp\/v2\/pages"}],"about":[{"href":"https:\/\/desirecalero.com\/fr\/wp-json\/wp\/v2\/types\/page"}],"author":[{"embeddable":true,"href":"https:\/\/desirecalero.com\/fr\/wp-json\/wp\/v2\/users\/1"}],"replies":[{"embeddable":true,"href":"https:\/\/desirecalero.com\/fr\/wp-json\/wp\/v2\/comments?post=1614"}],"version-history":[{"count":4,"href":"https:\/\/desirecalero.com\/fr\/wp-json\/wp\/v2\/pages\/1614\/revisions"}],"predecessor-version":[{"id":1990,"href":"https:\/\/desirecalero.com\/fr\/wp-json\/wp\/v2\/pages\/1614\/revisions\/1990"}],"wp:attachment":[{"href":"https:\/\/desirecalero.com\/fr\/wp-json\/wp\/v2\/media?parent=1614"}],"curies":[{"name":"wp","href":"https:\/\/api.w.org\/{rel}","templated":true}]}}